{"id":1189,"date":"2024-03-06T18:43:47","date_gmt":"2024-03-06T18:43:47","guid":{"rendered":"https:\/\/www.lauratoursbarcelona.com\/sobre-mi\/"},"modified":"2025-02-04T13:54:40","modified_gmt":"2025-02-04T13:54:40","slug":"sobre-mi","status":"publish","type":"page","link":"https:\/\/www.lauratoursbarcelona.com\/es\/sobre-mi\/","title":{"rendered":"Sobre m\u00ed"},"content":{"rendered":"\t\t<div data-elementor-type=\"wp-page\" data-elementor-id=\"1189\" class=\"elementor elementor-1189 elementor-34\" data-elementor-post-type=\"page\">\n\t\t\t\t<div class=\"elementor-element elementor-element-d7dd4e3 e-flex e-con-boxed e-con e-parent\" data-id=\"d7dd4e3\" data-element_type=\"container\" data-e-type=\"container\">\n\t\t\t\t\t<div class=\"e-con-inner\">\n\t\t\t\t<div class=\"elementor-element elementor-element-4ae234a elementor-widget elementor-widget-heading\" data-id=\"4ae234a\" data-element_type=\"widget\" data-e-type=\"widget\" data-widget_type=\"heading.default\">\n\t\t\t\t<div class=\"elementor-widget-container\">\n\t\t\t\t\t<h2 class=\"elementor-heading-title elementor-size-default\">\u00bfQui\u00e9n es Laura?<\/h2>\t\t\t\t<\/div>\n\t\t\t\t<\/div>\n\t\t<div class=\"elementor-element elementor-element-bc0c50e e-flex e-con-boxed e-con e-child\" data-id=\"bc0c50e\" data-element_type=\"container\" data-e-type=\"container\">\n\t\t\t\t\t<div class=\"e-con-inner\">\n\t\t<div class=\"elementor-element elementor-element-2296ff7 e-con-full e-flex e-con e-child\" data-id=\"2296ff7\" data-element_type=\"container\" data-e-type=\"container\">\n\t\t\t\t<div class=\"elementor-element elementor-element-7773b46 elementor-widget elementor-widget-image\" data-id=\"7773b46\" data-element_type=\"widget\" data-e-type=\"widget\" data-widget_type=\"image.default\">\n\t\t\t\t<div class=\"elementor-widget-container\">\n\t\t\t\t\t\t\t\t\t\t\t\t\t\t\t<img fetchpriority=\"high\" decoding=\"async\" width=\"768\" height=\"1024\" src=\"https:\/\/www.lauratoursbarcelona.com\/wp-content\/uploads\/2024\/03\/Laura-Image-768x1024.webp\" class=\"attachment-large size-large wp-image-1024\" alt=\"\" srcset=\"https:\/\/www.lauratoursbarcelona.com\/wp-content\/uploads\/2024\/03\/Laura-Image-768x1024.webp 768w, https:\/\/www.lauratoursbarcelona.com\/wp-content\/uploads\/2024\/03\/Laura-Image-225x300.webp 225w, https:\/\/www.lauratoursbarcelona.com\/wp-content\/uploads\/2024\/03\/Laura-Image-1152x1536.webp 1152w, https:\/\/www.lauratoursbarcelona.com\/wp-content\/uploads\/2024\/03\/Laura-Image-1536x2048.webp 1536w, https:\/\/www.lauratoursbarcelona.com\/wp-content\/uploads\/2024\/03\/Laura-Image.webp 1920w\" sizes=\"(max-width: 768px) 100vw, 768px\" \/>\t\t\t\t\t\t\t\t\t\t\t\t\t\t\t<\/div>\n\t\t\t\t<\/div>\n\t\t\t\t<\/div>\n\t\t<div class=\"elementor-element elementor-element-6964ddd e-con-full e-flex e-con e-child\" data-id=\"6964ddd\" data-element_type=\"container\" data-e-type=\"container\">\n\t\t\t\t<div class=\"elementor-element elementor-element-5d7f6c1 elementor-widget elementor-widget-text-editor\" data-id=\"5d7f6c1\" data-element_type=\"widget\" data-e-type=\"widget\" data-widget_type=\"text-editor.default\">\n\t\t\t\t<div class=\"elementor-widget-container\">\n\t\t\t\t\t\t\t\t\t<p><span style=\"font-weight: 400;\">Hola, soy Laura<\/span><\/p>\n<p><span style=\"font-weight: 400;\">Una <strong>gu\u00eda licenciada de Catalu\u00f1a <\/strong><\/span><span style=\"font-weight: 400;\"><strong>con m\u00e1s de 12 a\u00f1os de experiencia<\/strong>, dedicada a acoger viajeros de todo el mundo y proporcionarles las experiencias m\u00e1s memorables.<\/span> <\/p>\n<p><span style=\"font-weight: 400;\">Mi pasi\u00f3n y entusiasmo por Barcelona y Girona brillan en mis tours.<\/span><\/p>\n<p><span style=\"font-weight: 400;\">Te ayudar\u00e9 a <strong>sumergirte en la historia, la cultura y la gastronom\u00eda<\/strong>, donde cada piedra angular revela una nueva historia y cada sabor tienta los sentidos. <\/span><\/p>\n<p><span style=\"font-weight: 400;\">Haz que tu estancia en Catalu\u00f1a sea inolvidable.<\/span><\/p>\n\t\t\t\t\t\t\t\t<\/div>\n\t\t\t\t<\/div>\n\t\t\t\t<\/div>\n\t\t\t\t\t<\/div>\n\t\t\t\t<\/div>\n\t\t\t\t\t<\/div>\n\t\t\t\t<\/div>\n\t\t<div class=\"elementor-element elementor-element-93e85da e-flex e-con-boxed e-con e-parent\" data-id=\"93e85da\" data-element_type=\"container\" data-e-type=\"container\">\n\t\t\t\t\t<div class=\"e-con-inner\">\n\t\t\t\t<div class=\"elementor-element elementor-element-24c774b elementor-widget elementor-widget-gallery\" data-id=\"24c774b\" data-element_type=\"widget\" data-e-type=\"widget\" data-settings=\",&quot;gap_tablet&quot;:{&quot;unit&quot;:&quot;px&quot;,&quot;size&quot;:10,&quot;sizes&quot;:[]},&quot;gap_mobile&quot;:{&quot;unit&quot;:&quot;px&quot;,&quot;size&quot;:10,&quot;sizes&quot;:[]},&quot;overlay_background&quot;:&quot;yes&quot;,&quot;content_hover_animation&quot;:&quot;fade-in&quot;}\" data-widget_type=\"gallery.default\">\n\t\t\t\t<div class=\"elementor-widget-container\">\n\t\t\t\t\t\t\t<div class=\"elementor-gallery__container\">\n\t\t\t\t\t\t\t<div class=\"e-gallery-item elementor-gallery-item elementor-animated-content\">\n\t\t\t\t\t<div class=\"e-gallery-image elementor-gallery-item__image\" data-thumbnail=\"https:\/\/www.lauratoursbarcelona.com\/wp-content\/uploads\/2024\/03\/59-1-1024x658.jpg\" data-width=\"800\" data-height=\"514\" aria-label=\"\" role=\"img\" ><\/div>\n\t\t\t\t\t\t\t\t\t\t\t<div class=\"elementor-gallery-item__overlay\"><\/div>\n\t\t\t\t\t\t\t\t\t\t\t\t\t\t<\/div>\n\t\t\t\t\t\t\t<div class=\"e-gallery-item elementor-gallery-item elementor-animated-content\">\n\t\t\t\t\t<div class=\"e-gallery-image elementor-gallery-item__image\" data-thumbnail=\"https:\/\/www.lauratoursbarcelona.com\/wp-content\/uploads\/2024\/03\/84-1-1024x658.jpg\" data-width=\"800\" data-height=\"514\" aria-label=\"\" role=\"img\" ><\/div>\n\t\t\t\t\t\t\t\t\t\t\t<div class=\"elementor-gallery-item__overlay\"><\/div>\n\t\t\t\t\t\t\t\t\t\t\t\t\t\t<\/div>\n\t\t\t\t\t\t\t<div class=\"e-gallery-item elementor-gallery-item elementor-animated-content\">\n\t\t\t\t\t<div class=\"e-gallery-image elementor-gallery-item__image\" data-thumbnail=\"https:\/\/www.lauratoursbarcelona.com\/wp-content\/uploads\/2024\/03\/58-1-1024x658.jpg\" data-width=\"800\" data-height=\"514\" aria-label=\"\" role=\"img\" ><\/div>\n\t\t\t\t\t\t\t\t\t\t\t<div class=\"elementor-gallery-item__overlay\"><\/div>\n\t\t\t\t\t\t\t\t\t\t\t\t\t\t<\/div>\n\t\t\t\t\t\t\t<div class=\"e-gallery-item elementor-gallery-item elementor-animated-content\">\n\t\t\t\t\t<div class=\"e-gallery-image elementor-gallery-item__image\" data-thumbnail=\"https:\/\/www.lauratoursbarcelona.com\/wp-content\/uploads\/2024\/03\/68-1-1024x658.jpg\" data-width=\"800\" data-height=\"514\" aria-label=\"\" role=\"img\" ><\/div>\n\t\t\t\t\t\t\t\t\t\t\t<div class=\"elementor-gallery-item__overlay\"><\/div>\n\t\t\t\t\t\t\t\t\t\t\t\t\t\t<\/div>\n\t\t\t\t\t\t\t<div class=\"e-gallery-item elementor-gallery-item elementor-animated-content\">\n\t\t\t\t\t<div class=\"e-gallery-image elementor-gallery-item__image\" data-thumbnail=\"https:\/\/www.lauratoursbarcelona.com\/wp-content\/uploads\/2024\/03\/71-1-1024x658.jpg\" data-width=\"800\" data-height=\"514\" aria-label=\"\" role=\"img\" ><\/div>\n\t\t\t\t\t\t\t\t\t\t\t<div class=\"elementor-gallery-item__overlay\"><\/div>\n\t\t\t\t\t\t\t\t\t\t\t\t\t\t<\/div>\n\t\t\t\t\t\t\t<div class=\"e-gallery-item elementor-gallery-item elementor-animated-content\">\n\t\t\t\t\t<div class=\"e-gallery-image elementor-gallery-item__image\" data-thumbnail=\"https:\/\/www.lauratoursbarcelona.com\/wp-content\/uploads\/2024\/03\/51-1-1024x658.jpg\" data-width=\"800\" data-height=\"514\" aria-label=\"\" role=\"img\" ><\/div>\n\t\t\t\t\t\t\t\t\t\t\t<div class=\"elementor-gallery-item__overlay\"><\/div>\n\t\t\t\t\t\t\t\t\t\t\t\t\t\t<\/div>\n\t\t\t\t\t\t\t<div class=\"e-gallery-item elementor-gallery-item elementor-animated-content\">\n\t\t\t\t\t<div class=\"e-gallery-image elementor-gallery-item__image\" data-thumbnail=\"https:\/\/www.lauratoursbarcelona.com\/wp-content\/uploads\/2024\/03\/20-1-1024x658.jpg\" data-width=\"800\" data-height=\"514\" aria-label=\"\" role=\"img\" ><\/div>\n\t\t\t\t\t\t\t\t\t\t\t<div class=\"elementor-gallery-item__overlay\"><\/div>\n\t\t\t\t\t\t\t\t\t\t\t\t\t\t<\/div>\n\t\t\t\t\t\t\t<div class=\"e-gallery-item elementor-gallery-item elementor-animated-content\">\n\t\t\t\t\t<div class=\"e-gallery-image elementor-gallery-item__image\" data-thumbnail=\"https:\/\/www.lauratoursbarcelona.com\/wp-content\/uploads\/2024\/03\/69-1-1024x658.jpg\" data-width=\"800\" data-height=\"514\" aria-label=\"\" role=\"img\" ><\/div>\n\t\t\t\t\t\t\t\t\t\t\t<div class=\"elementor-gallery-item__overlay\"><\/div>\n\t\t\t\t\t\t\t\t\t\t\t\t\t\t<\/div>\n\t\t\t\t\t<\/div>\n\t\t\t\t\t<\/div>\n\t\t\t\t<\/div>\n\t\t\t\t\t<\/div>\n\t\t\t\t<\/div>\n\t\t<div class=\"elementor-element elementor-element-a38ddfb e-flex e-con-boxed e-con e-parent\" data-id=\"a38ddfb\" data-element_type=\"container\" data-e-type=\"container\">\n\t\t\t\t\t<div class=\"e-con-inner\">\n\t\t\t\t<div class=\"elementor-element elementor-element-3c74ae2 elementor-widget elementor-widget-heading\" data-id=\"3c74ae2\" data-element_type=\"widget\" data-e-type=\"widget\" data-widget_type=\"heading.default\">\n\t\t\t\t<div class=\"elementor-widget-container\">\n\t\t\t\t\t<h2 class=\"elementor-heading-title elementor-size-default\">Prensa y medios de comunicaci\u00f3n<\/h2>\t\t\t\t<\/div>\n\t\t\t\t<\/div>\n\t\t\t\t\t<\/div>\n\t\t\t\t<\/div>\n\t\t<div class=\"elementor-element elementor-element-5d337dd e-flex e-con-boxed e-con e-parent\" data-id=\"5d337dd\" data-element_type=\"container\" data-e-type=\"container\">\n\t\t\t\t\t<div class=\"e-con-inner\">\n\t\t<div class=\"elementor-element elementor-element-3a3d76e e-con-full e-flex e-con e-child\" data-id=\"3a3d76e\" data-element_type=\"container\" data-e-type=\"container\">\n\t\t\t\t<div class=\"elementor-element elementor-element-cddee55 elementor-widget elementor-widget-video\" data-id=\"cddee55\" data-element_type=\"widget\" data-e-type=\"widget\" data-settings=\"{&quot;youtube_url&quot;:&quot;https:\\\/\\\/www.youtube.com\\\/watch?v=a9tetlhGbew&quot;,&quot;video_type&quot;:&quot;youtube&quot;,&quot;controls&quot;:&quot;yes&quot;}\" data-widget_type=\"video.default\">\n\t\t\t\t<div class=\"elementor-widget-container\">\n\t\t\t\t\t\t\t<div class=\"elementor-wrapper elementor-open-inline\">\n\t\t\t<div class=\"elementor-video\"><\/div>\t\t<\/div>\n\t\t\t\t\t\t<\/div>\n\t\t\t\t<\/div>\n\t\t\t\t<\/div>\n\t\t<div class=\"elementor-element elementor-element-7efe2a3 e-con-full e-flex e-con e-child\" data-id=\"7efe2a3\" data-element_type=\"container\" data-e-type=\"container\">\n\t\t\t\t<div class=\"elementor-element elementor-element-a55d488 elementor-widget elementor-widget-video\" data-id=\"a55d488\" data-element_type=\"widget\" data-e-type=\"widget\" data-settings=\"{&quot;youtube_url&quot;:&quot;https:\\\/\\\/www.youtube.com\\\/watch?v=17AaXa8pboQ&amp;t=10s&quot;,&quot;video_type&quot;:&quot;youtube&quot;,&quot;controls&quot;:&quot;yes&quot;}\" data-widget_type=\"video.default\">\n\t\t\t\t<div class=\"elementor-widget-container\">\n\t\t\t\t\t\t\t<div class=\"elementor-wrapper elementor-open-inline\">\n\t\t\t<div class=\"elementor-video\"><\/div>\t\t<\/div>\n\t\t\t\t\t\t<\/div>\n\t\t\t\t<\/div>\n\t\t\t\t<\/div>\n\t\t\t\t\t<\/div>\n\t\t\t\t<\/div>\n\t\t<div class=\"elementor-element elementor-element-4e86215 e-flex e-con-boxed e-con e-parent\" data-id=\"4e86215\" data-element_type=\"container\" data-e-type=\"container\">\n\t\t\t\t\t<div class=\"e-con-inner\">\n\t\t<div class=\"elementor-element elementor-element-7b34567 e-con-full e-flex e-con e-child\" data-id=\"7b34567\" data-element_type=\"container\" data-e-type=\"container\">\n\t\t\t\t<div class=\"elementor-element elementor-element-9358270 elementor-widget elementor-widget-image\" data-id=\"9358270\" data-element_type=\"widget\" data-e-type=\"widget\" data-widget_type=\"image.default\">\n\t\t\t\t<div class=\"elementor-widget-container\">\n\t\t\t\t\t\t\t\t\t\t\t\t\t\t\t<img decoding=\"async\" width=\"800\" height=\"500\" src=\"https:\/\/www.lauratoursbarcelona.com\/wp-content\/uploads\/2024\/03\/Tours-Categories-1024x640.webp\" class=\"attachment-large size-large wp-image-1027\" alt=\"\" srcset=\"https:\/\/www.lauratoursbarcelona.com\/wp-content\/uploads\/2024\/03\/Tours-Categories-1024x640.webp 1024w, https:\/\/www.lauratoursbarcelona.com\/wp-content\/uploads\/2024\/03\/Tours-Categories-300x188.webp 300w, https:\/\/www.lauratoursbarcelona.com\/wp-content\/uploads\/2024\/03\/Tours-Categories-768x480.webp 768w, https:\/\/www.lauratoursbarcelona.com\/wp-content\/uploads\/2024\/03\/Tours-Categories-1536x960.webp 1536w, https:\/\/www.lauratoursbarcelona.com\/wp-content\/uploads\/2024\/03\/Tours-Categories-2048x1280.webp 2048w\" sizes=\"(max-width: 800px) 100vw, 800px\" \/>\t\t\t\t\t\t\t\t\t\t\t\t\t\t\t<\/div>\n\t\t\t\t<\/div>\n\t\t\t\t<div class=\"elementor-element elementor-element-b28136d elementor-widget elementor-widget-heading\" data-id=\"b28136d\" data-element_type=\"widget\" data-e-type=\"widget\" data-widget_type=\"heading.default\">\n\t\t\t\t<div class=\"elementor-widget-container\">\n\t\t\t\t\t<h2 class=\"elementor-heading-title elementor-size-default\">En National Geographic<\/h2>\t\t\t\t<\/div>\n\t\t\t\t<\/div>\n\t\t\t\t<div class=\"elementor-element elementor-element-8228764 elementor-widget elementor-widget-text-editor\" data-id=\"8228764\" data-element_type=\"widget\" data-e-type=\"widget\" data-widget_type=\"text-editor.default\">\n\t\t\t\t<div class=\"elementor-widget-container\">\n\t\t\t\t\t\t\t\t\t<p>I heart my city: La Barcelona de Laura. Descubre consejos, trucos y cu\u00e1les son mis lugares favoritos para comer, miradores y localizaciones en la fascinante Capital cultural de Catalu\u00f1a: Barcelona.<\/p>\n\t\t\t\t\t\t\t\t<\/div>\n\t\t\t\t<\/div>\n\t\t\t\t<div class=\"elementor-element elementor-element-ebb45d3 elementor-align-center elementor-widget elementor-widget-button\" data-id=\"ebb45d3\" data-element_type=\"widget\" data-e-type=\"widget\" data-widget_type=\"button.default\">\n\t\t\t\t<div class=\"elementor-widget-container\">\n\t\t\t\t\t\t\t\t\t<div class=\"elementor-button-wrapper\">\n\t\t\t\t\t<a class=\"elementor-button elementor-button-link elementor-size-sm\" href=\"https:\/\/www.nationalgeographic.com\/travel\/article\/i-heart-my-city-lauras-barcelona#\" target=\"_blank\" rel=\"noopener\">\n\t\t\t\t\t\t<span class=\"elementor-button-content-wrapper\">\n\t\t\t\t\t\t\t\t\t<span class=\"elementor-button-text\">Ver art\u00edculo<\/span>\n\t\t\t\t\t<\/span>\n\t\t\t\t\t<\/a>\n\t\t\t\t<\/div>\n\t\t\t\t\t\t\t\t<\/div>\n\t\t\t\t<\/div>\n\t\t\t\t<\/div>\n\t\t<div class=\"elementor-element elementor-element-88013f7 e-con-full e-flex e-con e-child\" data-id=\"88013f7\" data-element_type=\"container\" data-e-type=\"container\">\n\t\t\t\t<div class=\"elementor-element elementor-element-3b2c926 elementor-widget elementor-widget-image\" data-id=\"3b2c926\" data-element_type=\"widget\" data-e-type=\"widget\" data-widget_type=\"image.default\">\n\t\t\t\t<div class=\"elementor-widget-container\">\n\t\t\t\t\t\t\t\t\t\t\t\t\t\t\t<img decoding=\"async\" width=\"800\" height=\"499\" src=\"https:\/\/www.lauratoursbarcelona.com\/wp-content\/uploads\/2024\/03\/On-Catalonias-National-TV-1024x639.webp\" class=\"attachment-large size-large wp-image-1026\" alt=\"\" srcset=\"https:\/\/www.lauratoursbarcelona.com\/wp-content\/uploads\/2024\/03\/On-Catalonias-National-TV-1024x639.webp 1024w, https:\/\/www.lauratoursbarcelona.com\/wp-content\/uploads\/2024\/03\/On-Catalonias-National-TV-300x187.webp 300w, https:\/\/www.lauratoursbarcelona.com\/wp-content\/uploads\/2024\/03\/On-Catalonias-National-TV-768x480.webp 768w, https:\/\/www.lauratoursbarcelona.com\/wp-content\/uploads\/2024\/03\/On-Catalonias-National-TV-1536x959.webp 1536w, https:\/\/www.lauratoursbarcelona.com\/wp-content\/uploads\/2024\/03\/On-Catalonias-National-TV.webp 2000w\" sizes=\"(max-width: 800px) 100vw, 800px\" \/>\t\t\t\t\t\t\t\t\t\t\t\t\t\t\t<\/div>\n\t\t\t\t<\/div>\n\t\t\t\t<div class=\"elementor-element elementor-element-18924a3 elementor-widget elementor-widget-heading\" data-id=\"18924a3\" data-element_type=\"widget\" data-e-type=\"widget\" data-widget_type=\"heading.default\">\n\t\t\t\t<div class=\"elementor-widget-container\">\n\t\t\t\t\t<h2 class=\"elementor-heading-title elementor-size-default\">En la Televisi\u00f3n Nacional de Catalu\u00f1a<\/h2>\t\t\t\t<\/div>\n\t\t\t\t<\/div>\n\t\t\t\t<div class=\"elementor-element elementor-element-c67c917 elementor-widget elementor-widget-text-editor\" data-id=\"c67c917\" data-element_type=\"widget\" data-e-type=\"widget\" data-widget_type=\"text-editor.default\">\n\t\t\t\t<div class=\"elementor-widget-container\">\n\t\t\t\t\t\t\t\t\t<p>Programa de la Televisi\u00f3n Nacional de Catalu\u00f1a. Conoce diferentes puntos de vista y la experiencia de profesionales que trabajan en el sector del Turismo Cultural. Fue una gran experiencia formar parte de este programa.<\/p>\n\t\t\t\t\t\t\t\t<\/div>\n\t\t\t\t<\/div>\n\t\t\t\t<div class=\"elementor-element elementor-element-47db260 elementor-align-center elementor-widget elementor-widget-button\" data-id=\"47db260\" data-element_type=\"widget\" data-e-type=\"widget\" data-widget_type=\"button.default\">\n\t\t\t\t<div class=\"elementor-widget-container\">\n\t\t\t\t\t\t\t\t\t<div class=\"elementor-button-wrapper\">\n\t\t\t\t\t<a class=\"elementor-button elementor-button-link elementor-size-sm\" href=\"https:\/\/www.youtube.com\/watch?v=wOnEpu-IXiI\" target=\"_blank\" rel=\"noopener\">\n\t\t\t\t\t\t<span class=\"elementor-button-content-wrapper\">\n\t\t\t\t\t\t\t\t\t<span class=\"elementor-button-text\">Ver v\u00eddeo<\/span>\n\t\t\t\t\t<\/span>\n\t\t\t\t\t<\/a>\n\t\t\t\t<\/div>\n\t\t\t\t\t\t\t\t<\/div>\n\t\t\t\t<\/div>\n\t\t\t\t<\/div>\n\t\t<div class=\"elementor-element elementor-element-317b5e9 e-con-full e-flex e-con e-child\" data-id=\"317b5e9\" data-element_type=\"container\" data-e-type=\"container\">\n\t\t\t\t<div class=\"elementor-element elementor-element-c616368 elementor-widget elementor-widget-image\" data-id=\"c616368\" data-element_type=\"widget\" data-e-type=\"widget\" data-widget_type=\"image.default\">\n\t\t\t\t<div class=\"elementor-widget-container\">\n\t\t\t\t\t\t\t\t\t\t\t\t\t\t\t<img loading=\"lazy\" decoding=\"async\" width=\"800\" height=\"500\" src=\"https:\/\/www.lauratoursbarcelona.com\/wp-content\/uploads\/2024\/03\/On-Polish-TV-program-1024x640.webp\" class=\"attachment-large size-large wp-image-1025\" alt=\"\" srcset=\"https:\/\/www.lauratoursbarcelona.com\/wp-content\/uploads\/2024\/03\/On-Polish-TV-program-1024x640.webp 1024w, https:\/\/www.lauratoursbarcelona.com\/wp-content\/uploads\/2024\/03\/On-Polish-TV-program-300x188.webp 300w, https:\/\/www.lauratoursbarcelona.com\/wp-content\/uploads\/2024\/03\/On-Polish-TV-program-768x480.webp 768w, https:\/\/www.lauratoursbarcelona.com\/wp-content\/uploads\/2024\/03\/On-Polish-TV-program-1536x960.webp 1536w, https:\/\/www.lauratoursbarcelona.com\/wp-content\/uploads\/2024\/03\/On-Polish-TV-program.webp 1600w\" sizes=\"(max-width: 800px) 100vw, 800px\" \/>\t\t\t\t\t\t\t\t\t\t\t\t\t\t\t<\/div>\n\t\t\t\t<\/div>\n\t\t\t\t<div class=\"elementor-element elementor-element-71412be elementor-widget elementor-widget-heading\" data-id=\"71412be\" data-element_type=\"widget\" data-e-type=\"widget\" data-widget_type=\"heading.default\">\n\t\t\t\t<div class=\"elementor-widget-container\">\n\t\t\t\t\t<h2 class=\"elementor-heading-title elementor-size-default\">En un programa de la televisi\u00f3n polaca<\/h2>\t\t\t\t<\/div>\n\t\t\t\t<\/div>\n\t\t\t\t<div class=\"elementor-element elementor-element-45c75e2 elementor-widget elementor-widget-text-editor\" data-id=\"45c75e2\" data-element_type=\"widget\" data-e-type=\"widget\" data-widget_type=\"text-editor.default\">\n\t\t\t\t<div class=\"elementor-widget-container\">\n\t\t\t\t\t\t\t\t\t<p>\u00abSabores del mundo\u00bb es un programa de la televisi\u00f3n polaca sobre gastronom\u00eda y cultura de todo el mundo. En este programa llevo a la Chef Adriana por los lugares m\u00e1s destacados de la ciudad.<\/p>\n\t\t\t\t\t\t\t\t<\/div>\n\t\t\t\t<\/div>\n\t\t\t\t<div class=\"elementor-element elementor-element-7eb5bac elementor-align-center elementor-widget elementor-widget-button\" data-id=\"7eb5bac\" data-element_type=\"widget\" data-e-type=\"widget\" data-widget_type=\"button.default\">\n\t\t\t\t<div class=\"elementor-widget-container\">\n\t\t\t\t\t\t\t\t\t<div class=\"elementor-button-wrapper\">\n\t\t\t\t\t<a class=\"elementor-button elementor-button-link elementor-size-sm\" href=\"https:\/\/vod.tvp.pl\/video\/smaki-swiata,odc-38,59287657\" target=\"_blank\" rel=\"noopener\">\n\t\t\t\t\t\t<span class=\"elementor-button-content-wrapper\">\n\t\t\t\t\t\t\t\t\t<span class=\"elementor-button-text\">Ver v\u00eddeo<\/span>\n\t\t\t\t\t<\/span>\n\t\t\t\t\t<\/a>\n\t\t\t\t<\/div>\n\t\t\t\t\t\t\t\t<\/div>\n\t\t\t\t<\/div>\n\t\t\t\t<\/div>\n\t\t\t\t\t<\/div>\n\t\t\t\t<\/div>\n\t\t<div class=\"elementor-element elementor-element-32a63a5 e-flex e-con-boxed e-con e-parent\" data-id=\"32a63a5\" data-element_type=\"container\" data-e-type=\"container\">\n\t\t\t\t\t<div class=\"e-con-inner\">\n\t\t\t\t<div class=\"elementor-element elementor-element-ded3864 elementor-widget elementor-widget-heading\" data-id=\"ded3864\" data-element_type=\"widget\" data-e-type=\"widget\" data-widget_type=\"heading.default\">\n\t\t\t\t<div class=\"elementor-widget-container\">\n\t\t\t\t\t<h2 class=\"elementor-heading-title elementor-size-default\">S\u00edgueme en Instagram<\/h2>\t\t\t\t<\/div>\n\t\t\t\t<\/div>\n\t\t\t\t<div class=\"elementor-element elementor-element-aeccac8 elementor-widget elementor-widget-shortcode\" data-id=\"aeccac8\" data-element_type=\"widget\" data-e-type=\"widget\" data-widget_type=\"shortcode.default\">\n\t\t\t\t<div class=\"elementor-widget-container\">\n\t\t\t\t\t\t\t<div class=\"elementor-shortcode\">\t\t<div id=\"sbi_mod_error\" >\n\t\t\t<span>Este mensaje de error solo es visible para los administradores de WordPress<\/span><br\/>\n\t\t\t<p><strong>Error: No se ha encontrado ning\u00fan feed con el ID 1.<\/strong>\n\t\t\t<p>Por favor, ve a la p\u00e1gina de ajustes de Instagram Feed para crear un feed.<\/p>\n\t\t<\/div>\n\t\t<\/div>\n\t\t\t\t\t\t<\/div>\n\t\t\t\t<\/div>\n\t\t\t\t\t<\/div>\n\t\t\t\t<\/div>\n\t\t\t\t<\/div>\n\t\t","protected":false},"excerpt":{"rendered":"<p>\u00bfQui\u00e9n es Laura? Hola, soy Laura Una gu\u00eda licenciada de Catalu\u00f1a con m\u00e1s de 12 a\u00f1os de experiencia, dedicada a acoger viajeros de todo el mundo y proporcionarles las experiencias m\u00e1s memorables. Mi pasi\u00f3n y entusiasmo por Barcelona y Girona brillan en mis tours. Te ayudar\u00e9 a sumergirte en la historia, la cultura y la [&hellip;]<\/p>\n","protected":false},"author":2,"featured_media":0,"parent":0,"menu_order":0,"comment_status":"closed","ping_status":"closed","template":"elementor_header_footer","meta":{"_acf_changed":false,"footnotes":""},"class_list":["post-1189","page","type-page","status-publish","hentry"],"acf":[],"_links":{"self":[{"href":"https:\/\/www.lauratoursbarcelona.com\/es\/wp-json\/wp\/v2\/pages\/1189","targetHints":{"allow":["GET"]}}],"collection":[{"href":"https:\/\/www.lauratoursbarcelona.com\/es\/wp-json\/wp\/v2\/pages"}],"about":[{"href":"https:\/\/www.lauratoursbarcelona.com\/es\/wp-json\/wp\/v2\/types\/page"}],"author":[{"embeddable":true,"href":"https:\/\/www.lauratoursbarcelona.com\/es\/wp-json\/wp\/v2\/users\/2"}],"replies":[{"embeddable":true,"href":"https:\/\/www.lauratoursbarcelona.com\/es\/wp-json\/wp\/v2\/comments?post=1189"}],"version-history":[{"count":14,"href":"https:\/\/www.lauratoursbarcelona.com\/es\/wp-json\/wp\/v2\/pages\/1189\/revisions"}],"predecessor-version":[{"id":1957,"href":"https:\/\/www.lauratoursbarcelona.com\/es\/wp-json\/wp\/v2\/pages\/1189\/revisions\/1957"}],"wp:attachment":[{"href":"https:\/\/www.lauratoursbarcelona.com\/es\/wp-json\/wp\/v2\/media?parent=1189"}],"curies":[{"name":"wp","href":"https:\/\/api.w.org\/{rel}","templated":true}]}}