{"id":1187,"date":"2024-03-17T17:25:39","date_gmt":"2024-03-17T17:25:39","guid":{"rendered":"https:\/\/www.lauratoursbarcelona.com\/politica-de-privacidad\/"},"modified":"2024-03-17T18:58:09","modified_gmt":"2024-03-17T18:58:09","slug":"politica-de-privacidad","status":"publish","type":"page","link":"https:\/\/www.lauratoursbarcelona.com\/es\/politica-de-privacidad\/","title":{"rendered":"Pol\u00edtica de privacidad"},"content":{"rendered":"\t\t<div data-elementor-type=\"wp-page\" data-elementor-id=\"1187\" class=\"elementor elementor-1187 elementor-955\" data-elementor-post-type=\"page\">\n\t\t\t\t<div class=\"elementor-element elementor-element-5b27a92 e-flex e-con-boxed e-con e-parent\" data-id=\"5b27a92\" data-element_type=\"container\" data-e-type=\"container\">\n\t\t\t\t\t<div class=\"e-con-inner\">\n\t\t\t\t<div class=\"elementor-element elementor-element-e1f2674 elementor-widget elementor-widget-text-editor\" data-id=\"e1f2674\" data-element_type=\"widget\" data-e-type=\"widget\" data-widget_type=\"text-editor.default\">\n\t\t\t\t<div class=\"elementor-widget-container\">\n\t\t\t\t\t\t\t\t\t<h2>Propiedad del sitio web<\/h2>\n<p>Este sitio web es propiedad de:<\/p>\n<ul>\n<li>Laura Coch Merayo<\/li>\n<li>NIF: 77618218A<\/li>\n<li>Direcci\u00f3n: Ronda Fort Roig 15. 17007 Girona (Espa\u00f1a)<\/li>\n<\/ul>\n<h4>Introducci\u00f3n<\/h4>\n<p>La privacidad de los visitantes de nuestro sitio web es muy importante para nosotros, y nos comprometemos a salvaguardarla. Esta pol\u00edtica explica lo que hacemos con su informaci\u00f3n personal.<\/p>\n<p>Si consiente en que utilicemos cookies de acuerdo con los t\u00e9rminos de esta pol\u00edtica cuando visite nuestro sitio web por primera vez, nos permitir\u00e1 utilizar cookies cada vez que visite nuestro sitio web.<\/p>\n<h4><strong>C\u00f3mo recopilamos sus datos personales<\/strong><\/h4>\n<p>Los siguientes tipos de informaci\u00f3n personal pueden ser recogidos, almacenados y utilizados:<\/p>\n<ol>\n<li>Informaci\u00f3n sobre su ordenador, incluida su direcci\u00f3n IP, ubicaci\u00f3n geogr\u00e1fica, tipo y versi\u00f3n de navegador y sistema operativo.<\/li>\n<li>Informaci\u00f3n sobre sus visitas y uso de este sitio web, incluida la fuente de referencia, la duraci\u00f3n de la visita, las p\u00e1ginas vistas y las rutas de navegaci\u00f3n por el sitio web.<\/li>\n<li>Informaci\u00f3n que usted introduce para suscribirse a nuestros correos electr\u00f3nicos y\/o boletines informativos.<\/li>\n<li>Informaci\u00f3n que se genera al utilizar nuestro sitio web, incluyendo cu\u00e1ndo, con qu\u00e9 frecuencia y en qu\u00e9 circunstancias lo utiliza.<\/li>\n<li>Informaci\u00f3n relativa a cualquier cosa que compre, servicio que utilice o transacci\u00f3n que realice a trav\u00e9s de nuestro sitio web, lo que incluye su nombre, direcci\u00f3n, n\u00famero de tel\u00e9fono, direcci\u00f3n de correo electr\u00f3nico y datos de su tarjeta de cr\u00e9dito.<\/li>\n<li>Cualquier otra informaci\u00f3n personal que nos env\u00ede.<\/li>\n<\/ol>\n<h4><strong>Utilizaci\u00f3n de datos personales<\/strong><\/h4>\n<p>La informaci\u00f3n personal que nos env\u00ede a trav\u00e9s de nuestro sitio web se utilizar\u00e1 para los fines especificados en esta pol\u00edtica o en las p\u00e1ginas correspondientes del sitio web. Podemos utilizar su informaci\u00f3n personal para lo siguiente:<\/p>\n<ol>\n<li>Administrar nuestro sitio web y nuestra empresa<\/li>\n<li>Personalizar nuestro sitio web para usted<\/li>\n<li>Permitirle utilizar los servicios disponibles en nuestro sitio web<\/li>\n<li>Prestaci\u00f3n de servicios adquiridos a trav\u00e9s de nuestro sitio web<\/li>\n<li>Enviarle extractos, facturas y recordatorios de pago, y cobrarle.<\/li>\n<li>Enviarle notificaciones por correo electr\u00f3nico que haya solicitado espec\u00edficamente.<\/li>\n<li>Enviarle nuestro bolet\u00edn de noticias por correo electr\u00f3nico si se ha suscrito a \u00e9l (puede darse de baja en cualquier momento).<\/li>\n<li>Enviarle comunicaciones de marketing relacionadas con nuestra empresa o con empresas de terceros que consideremos puedan ser de su inter\u00e9s.<\/li>\n<li>Proporcionar a terceros informaci\u00f3n estad\u00edstica sobre nuestros usuarios.<\/li>\n<li>Tramitar las consultas y reclamaciones realizadas por usted o sobre usted en relaci\u00f3n con nuestro sitio web.<\/li>\n<li>Mantener nuestro sitio web seguro y prevenir el fraude.<\/li>\n<li>Verificar el cumplimiento de los t\u00e9rminos y condiciones que rigen el uso de nuestro sitio web.<\/li>\n<li>Otros usos.<\/li>\n<\/ol>\n<p>Sin su consentimiento expreso, no facilitaremos sus datos personales a terceros para su comercializaci\u00f3n directa ni la de ning\u00fan otro tercero.<\/p>\n<h4><strong>Conservaci\u00f3n de datos personales<\/strong><\/h4>\n<ol>\n<li>En esta secci\u00f3n se exponen nuestras pol\u00edticas y procedimientos de conservaci\u00f3n de datos, concebidos para garantizar el cumplimiento de nuestras obligaciones legales en materia de conservaci\u00f3n y supresi\u00f3n de informaci\u00f3n personal.<\/li>\n<li>La informaci\u00f3n personal que procesamos para cualquier fin o fines no se conservar\u00e1 durante m\u00e1s tiempo del necesario para ese fin o esos fines.<\/li>\n<li>Sin perjuicio de lo dispuesto en el punto anterior, normalmente eliminaremos los datos personales incluidos en las categor\u00edas expuestas a continuaci\u00f3n transcurridos 5 a\u00f1os desde la \u00faltima vez que usted se relacion\u00f3 con nosotros.<\/li>\n<li>Sin perjuicio de las dem\u00e1s disposiciones de esta secci\u00f3n, conservaremos los documentos (incluidos los documentos electr\u00f3nicos) que contengan datos personales:\n<ol>\n<li>en la medida en que la ley nos obligue a ello;<\/li>\n<li>si creemos que los documentos pueden ser relevantes para cualquier procedimiento judicial en curso o futuro; y<\/li>\n<li>para establecer, ejercer o defender nuestros derechos legales (incluido el suministro de informaci\u00f3n a terceros con fines de prevenci\u00f3n del fraude y reducci\u00f3n del riesgo de cr\u00e9dito).<\/li>\n<\/ol>\n<\/li>\n<\/ol>\n<h4><strong>Seguridad de sus datos personales<\/strong><\/h4>\n<ol>\n<li>Tomaremos las precauciones t\u00e9cnicas y organizativas razonables para evitar la p\u00e9rdida, el uso indebido o la alteraci\u00f3n de su informaci\u00f3n personal.<\/li>\n<li>Almacenaremos toda la informaci\u00f3n personal que nos proporcione en nuestros servidores seguros (protegidos por contrase\u00f1a y cortafuegos).<\/li>\n<li>Todas las transacciones financieras electr\u00f3nicas realizadas a trav\u00e9s de nuestro sitio web estar\u00e1n protegidas por tecnolog\u00eda de encriptaci\u00f3n.<\/li>\n<li>Usted reconoce que la transmisi\u00f3n de informaci\u00f3n a trav\u00e9s de Internet es intr\u00ednsecamente insegura y que no podemos garantizar la seguridad de los datos enviados a trav\u00e9s de Internet.<\/li>\n<\/ol>\n<h4><strong>Sus derechos<\/strong><\/h4>\n<p>Puede pedirnos que le facilitemos cualquier informaci\u00f3n personal que tengamos sobre usted. El suministro de dicha informaci\u00f3n estar\u00e1 sujeto a la presentaci\u00f3n de pruebas adecuadas de su identidad. Normalmente aceptaremos una fotocopia de su pasaporte certificada por un notario m\u00e1s una copia original de una factura de servicios p\u00fablicos que muestre su direcci\u00f3n actual.<\/p>\n<p>Podemos retener la informaci\u00f3n personal que usted solicite en la medida en que lo permita la ley.<\/p>\n<p>Puede hacer uso de sus derechos de acceso, cancelaci\u00f3n, modificaci\u00f3n o denegaci\u00f3n de sus datos en cualquier momento por correo electr\u00f3nico <strong>a info@lauratoursbarcelona.com.<\/strong><\/p>\n<p>En la pr\u00e1ctica, lo normal es que usted acepte expresamente y por adelantado que utilicemos sus datos personales con fines comerciales, o que le demos la oportunidad de rechazar el uso de sus datos personales con fines comerciales.<\/p>\n<h4><strong>Sitios web de terceros<\/strong><\/h4>\n<p>Nuestro sitio web incluye hiperv\u00ednculos y datos de sitios web de terceros. No tenemos control sobre las pol\u00edticas y pr\u00e1cticas de privacidad de terceros y no somos responsables de ellas.<\/p>\n<h4><strong>Actualizaci\u00f3n de la informaci\u00f3n<\/strong><\/h4>\n<p>Por favor, h\u00e1ganos saber si la informaci\u00f3n personal que tenemos sobre usted necesita ser corregida o actualizada.<\/p>\n\t\t\t\t\t\t\t\t<\/div>\n\t\t\t\t<\/div>\n\t\t\t\t\t<\/div>\n\t\t\t\t<\/div>\n\t\t\t\t<\/div>\n\t\t","protected":false},"excerpt":{"rendered":"<p>Propiedad del sitio web Este sitio web es propiedad de: Laura Coch Merayo NIF: 77618218A Direcci\u00f3n: Ronda Fort Roig 15. 17007 Girona (Espa\u00f1a) Introducci\u00f3n La privacidad de los visitantes de nuestro sitio web es muy importante para nosotros, y nos comprometemos a salvaguardarla. Esta pol\u00edtica explica lo que hacemos con su informaci\u00f3n personal. Si consiente [&hellip;]<\/p>\n","protected":false},"author":1,"featured_media":0,"parent":0,"menu_order":0,"comment_status":"closed","ping_status":"closed","template":"","meta":{"_acf_changed":false,"footnotes":""},"class_list":["post-1187","page","type-page","status-publish","hentry"],"acf":[],"_links":{"self":[{"href":"https:\/\/www.lauratoursbarcelona.com\/es\/wp-json\/wp\/v2\/pages\/1187","targetHints":{"allow":["GET"]}}],"collection":[{"href":"https:\/\/www.lauratoursbarcelona.com\/es\/wp-json\/wp\/v2\/pages"}],"about":[{"href":"https:\/\/www.lauratoursbarcelona.com\/es\/wp-json\/wp\/v2\/types\/page"}],"author":[{"embeddable":true,"href":"https:\/\/www.lauratoursbarcelona.com\/es\/wp-json\/wp\/v2\/users\/1"}],"replies":[{"embeddable":true,"href":"https:\/\/www.lauratoursbarcelona.com\/es\/wp-json\/wp\/v2\/comments?post=1187"}],"version-history":[{"count":1,"href":"https:\/\/www.lauratoursbarcelona.com\/es\/wp-json\/wp\/v2\/pages\/1187\/revisions"}],"predecessor-version":[{"id":1188,"href":"https:\/\/www.lauratoursbarcelona.com\/es\/wp-json\/wp\/v2\/pages\/1187\/revisions\/1188"}],"wp:attachment":[{"href":"https:\/\/www.lauratoursbarcelona.com\/es\/wp-json\/wp\/v2\/media?parent=1187"}],"curies":[{"name":"wp","href":"https:\/\/api.w.org\/{rel}","templated":true}]}}