{"id":1172,"date":"2024-03-16T13:02:20","date_gmt":"2024-03-16T13:02:20","guid":{"rendered":"https:\/\/www.lauratoursbarcelona.com\/condiciones-generales\/"},"modified":"2024-03-17T18:58:04","modified_gmt":"2024-03-17T18:58:04","slug":"condiciones-generales","status":"publish","type":"page","link":"https:\/\/www.lauratoursbarcelona.com\/es\/condiciones-generales\/","title":{"rendered":"Condiciones generales"},"content":{"rendered":"\t\t<div data-elementor-type=\"wp-page\" data-elementor-id=\"1172\" class=\"elementor elementor-1172 elementor-939\" data-elementor-post-type=\"page\">\n\t\t\t\t<div class=\"elementor-element elementor-element-8b2dea8 e-flex e-con-boxed e-con e-parent\" data-id=\"8b2dea8\" data-element_type=\"container\" data-e-type=\"container\">\n\t\t\t\t\t<div class=\"e-con-inner\">\n\t\t\t\t<div class=\"elementor-element elementor-element-c63be0a elementor-widget elementor-widget-text-editor\" data-id=\"c63be0a\" data-element_type=\"widget\" data-e-type=\"widget\" data-widget_type=\"text-editor.default\">\n\t\t\t\t<div class=\"elementor-widget-container\">\n\t\t\t\t\t\t\t\t\t<ul>\n<li style=\"font-weight: 400;\" aria-level=\"1\"><span style=\"font-weight: 400;\">Laura Tours Barcelona y sus gu\u00edas aut\u00f3nomos no se hacen responsables de cualquier lesi\u00f3n, p\u00e9rdida, robo, da\u00f1os o imprevistos que puedan ocurrir durante los tours.<\/span><\/li>\n<\/ul>\n<ul>\n<li style=\"font-weight: 400;\" aria-level=\"1\"><span style=\"font-weight: 400;\">El viaje o viajes no se considerar\u00e1n aceptados hasta que hayamos recibido y procesado su pago completo.<\/span><\/li>\n<\/ul>\n<ul>\n<li style=\"font-weight: 400;\" aria-level=\"1\"><span style=\"font-weight: 400;\">En caso de que hubiera un error en el correo electr\u00f3nico de confirmaci\u00f3n es su responsabilidad informarnos lo antes posible.<\/span><\/li>\n<\/ul>\n<ul>\n<li style=\"font-weight: 400;\" aria-level=\"1\"><span style=\"font-weight: 400;\">En caso de que necesite cambiar la fecha o la hora de su visita, estamos abiertos a hacerlo, pero no podemos garantizar que siempre sea posible, ya que el cambio depender\u00e1 de nuestra disponibilidad, as\u00ed como de las tarifas de admisi\u00f3n a los sitios para la nueva fecha\/hora. Tenga en cuenta que su gu\u00eda inicial puede cambiar.  <\/span><\/li>\n<\/ul>\n<ul>\n<li style=\"font-weight: 400;\" aria-level=\"1\"><span style=\"font-weight: 400;\">Es obligatorio un m\u00ednimo de 1 adulto mayor de 18 a\u00f1os o senior por reserva.  <\/span><\/li>\n<\/ul>\n<ul>\n<li style=\"font-weight: 400;\" aria-level=\"1\"><span style=\"font-weight: 400;\">Cualquier tipo de transporte p\u00fablico utilizado o comida y bebida consumidas durante las excursiones no est\u00e1n incluidas en el precio final, a menos que se especifique lo contrario.<\/span><\/li>\n<\/ul>\n<ul>\n<li style=\"font-weight: 400;\" aria-level=\"1\"><span style=\"font-weight: 400;\">Condiciones meteorol\u00f3gicas: Las visitas se realizan llueva o haga sol. El mal tiempo no es una raz\u00f3n v\u00e1lida para cancelar un viaje.<\/span><\/li>\n<\/ul>\n<ul>\n<li style=\"font-weight: 400;\" aria-level=\"1\"><span style=\"font-weight: 400;\">En caso de que un viaje se vea comprometido o resulte imposible por causas de fuerza mayor, fen\u00f3menos meteorol\u00f3gicos extremos, disturbios pol\u00edticos o huelgas, los viajes podr\u00e1n cancelarse si lo consideramos necesario.<\/span><\/li>\n<\/ul>\n<ul>\n<li style=\"font-weight: 400;\" aria-level=\"1\"><span style=\"font-weight: 400;\">Su gu\u00eda le recoger\u00e1 en su Hotel \/ alojamiento si est\u00e1 situado cerca de los lugares a visitar en el tour reservado.  <\/span><\/li>\n<\/ul>\n<ul>\n<li style=\"font-weight: 400;\" aria-level=\"1\"><span style=\"font-weight: 400;\">Si el cliente llega tarde, perder\u00e1 ese tiempo. El retraso del cliente no es reembolsable, y el viaje finalizar\u00e1 a la hora acordada en el momento de la reserva.<\/span><\/li>\n<\/ul>\n<ul>\n<li style=\"font-weight: 400;\" aria-level=\"1\"><span style=\"font-weight: 400;\">Durante las comidas de una excursi\u00f3n, el cliente debe informar al gu\u00eda de sus alergias e intolerancias alimentarias para tener derecho a asistencia en el pedido. El cliente es totalmente responsable y Laura Tours Barcelona nunca ser\u00e1 responsable de cualquier problema de salud derivados de los alimentos y consumidos \/ como bebidas durante un tour.<\/span><\/li>\n<\/ul>\n\t\t\t\t\t\t\t\t<\/div>\n\t\t\t\t<\/div>\n\t\t\t\t\t<\/div>\n\t\t\t\t<\/div>\n\t\t\t\t<\/div>\n\t\t","protected":false},"excerpt":{"rendered":"<p>Laura Tours Barcelona y sus gu\u00edas aut\u00f3nomos no se hacen responsables de cualquier lesi\u00f3n, p\u00e9rdida, robo, da\u00f1os o imprevistos que puedan ocurrir durante los tours. El viaje o viajes no se considerar\u00e1n aceptados hasta que hayamos recibido y procesado su pago completo. En caso de que hubiera un error en el correo electr\u00f3nico de confirmaci\u00f3n [&hellip;]<\/p>\n","protected":false},"author":1,"featured_media":0,"parent":0,"menu_order":0,"comment_status":"closed","ping_status":"closed","template":"","meta":{"_acf_changed":false,"footnotes":""},"class_list":["post-1172","page","type-page","status-publish","hentry"],"acf":[],"_links":{"self":[{"href":"https:\/\/www.lauratoursbarcelona.com\/es\/wp-json\/wp\/v2\/pages\/1172","targetHints":{"allow":["GET"]}}],"collection":[{"href":"https:\/\/www.lauratoursbarcelona.com\/es\/wp-json\/wp\/v2\/pages"}],"about":[{"href":"https:\/\/www.lauratoursbarcelona.com\/es\/wp-json\/wp\/v2\/types\/page"}],"author":[{"embeddable":true,"href":"https:\/\/www.lauratoursbarcelona.com\/es\/wp-json\/wp\/v2\/users\/1"}],"replies":[{"embeddable":true,"href":"https:\/\/www.lauratoursbarcelona.com\/es\/wp-json\/wp\/v2\/comments?post=1172"}],"version-history":[{"count":1,"href":"https:\/\/www.lauratoursbarcelona.com\/es\/wp-json\/wp\/v2\/pages\/1172\/revisions"}],"predecessor-version":[{"id":1173,"href":"https:\/\/www.lauratoursbarcelona.com\/es\/wp-json\/wp\/v2\/pages\/1172\/revisions\/1173"}],"wp:attachment":[{"href":"https:\/\/www.lauratoursbarcelona.com\/es\/wp-json\/wp\/v2\/media?parent=1172"}],"curies":[{"name":"wp","href":"https:\/\/api.w.org\/{rel}","templated":true}]}}